{"id":818,"date":"2021-06-25T13:03:21","date_gmt":"2021-06-25T13:03:21","guid":{"rendered":"https:\/\/multiclones.com.ar\/?post_type=product&#038;p=818"},"modified":"2023-02-16T17:12:18","modified_gmt":"2023-02-16T17:12:18","slug":"mad-grow-kit-completo-200-ml","status":"publish","type":"product","link":"https:\/\/c4f.com.ar\/offline\/multiclones\/producto\/mad-grow-kit-completo-200-ml\/","title":{"rendered":"Mad Grow Kit Completo 200 ml."},"content":{"rendered":"<p>El combo incluye:<br \/>\n\u201cMadGrow Ra\u00edces\u201d de MadLine.<br \/>\nMadGrow Ra\u00edces est\u00e1 dise\u00f1ado a base de amino\u00e1cidos obtenidos mediante hidr\u00f3lisis enzim\u00e1tica para estimular el desarrollo del aparato radicular.<br \/>\nAct\u00faa incrementando el proceso fotosint\u00e9tico, especialmente ante los efectos de condiciones adversas, picos de temperatura, asfixia radicular, estr\u00e9s causado por trasplantes, sequ\u00edas, etc\u2026<br \/>\n\u201cMadGrow Vegetativo\u201d de MadLine.<br \/>\nMadGrow Vegetativo est\u00e1 dise\u00f1ado para la etapa de crecimiento de plantas madres y\/o esquejes ya que aporta todos los nutrientes necesarios para el desarrollo de tallos y hojas.<br \/>\nSe recomienda utilizar como corrector de carencias de micronutrientes.<br \/>\n\u201cMadGrow Algas\u201d de MadLine.<br \/>\nMadGrow Algas es la fusi\u00f3n perfecta entre un bio estimulante y natural y un fertilizante de floraci\u00f3n; hecho a base de algas es ideal para aumentar la producci\u00f3n, el peso, el sabor, el aroma y la cantidad de resina. Su f\u00f3rmula est\u00e1 especialmente desarrollada para estimular a la planta a llegar a su capacidad m\u00e1xima de producci\u00f3n.<br \/>\nEn su composici\u00f3n vamos a encontrar beta\u00ednas, citoquininas, \u00e1cido alg\u00ednico, auxinas, giberelinas, manitol y complejos vitam\u00ednicos de origen natural A, B, C y E (colina, tocoferol y riboflavina).<br \/>\n\u201cMadGrow Flora\u201d de MadLine.<br \/>\nMadGrow Flora aporta una dieta rica en micro y macro nutrientes que estimulan el desarrollo de las pre-flores, flores y frutos cubriendo todas las necesidades de la plante en esta etapa.<br \/>\n\u201cMadGrow Engorde\u201d de MadLine.<br \/>\nMadGrow Engorde es un fertilizante natural a base de amino\u00e1cidos, microelementos, potasio y \u00e1cidos f\u00falvicos y h\u00famicos, aportando todos los az\u00facares y nutrientes necesarios para lograr un crecimiento sostenido, que es lo que se busca en esta etapa.<\/p>\n","protected":false},"excerpt":{"rendered":"<p>El combo incluye: \u201cMadGrow Ra\u00edces\u201d de MadLine. MadGrow Ra\u00edces est\u00e1 dise\u00f1ado a base de amino\u00e1cidos obtenidos mediante hidr\u00f3lisis enzim\u00e1tica para estimular el desarrollo del aparato radicular. Act\u00faa incrementando el proceso fotosint\u00e9tico, especialmente ante los efectos de condiciones adversas, picos de temperatura, asfixia radicular, estr\u00e9s causado por trasplantes, sequ\u00edas, etc\u2026 \u201cMadGrow Vegetativo\u201d de MadLine. MadGrow Vegetativo<\/p>\n","protected":false},"featured_media":819,"comment_status":"open","ping_status":"closed","template":"","meta":{"inline_featured_image":false},"product_brand":[],"product_cat":[71,43,47],"product_tag":[],"class_list":{"0":"post-818","1":"product","2":"type-product","3":"status-publish","4":"has-post-thumbnail","6":"product_cat-combos","7":"product_cat-fertilizantes","8":"product_cat-madgrow","10":"first","11":"instock","12":"shipping-taxable","13":"purchasable","14":"product-type-simple"},"_links":{"self":[{"href":"https:\/\/c4f.com.ar\/offline\/multiclones\/wp-json\/wp\/v2\/product\/818","targetHints":{"allow":["GET"]}}],"collection":[{"href":"https:\/\/c4f.com.ar\/offline\/multiclones\/wp-json\/wp\/v2\/product"}],"about":[{"href":"https:\/\/c4f.com.ar\/offline\/multiclones\/wp-json\/wp\/v2\/types\/product"}],"replies":[{"embeddable":true,"href":"https:\/\/c4f.com.ar\/offline\/multiclones\/wp-json\/wp\/v2\/comments?post=818"}],"wp:featuredmedia":[{"embeddable":true,"href":"https:\/\/c4f.com.ar\/offline\/multiclones\/wp-json\/wp\/v2\/media\/819"}],"wp:attachment":[{"href":"https:\/\/c4f.com.ar\/offline\/multiclones\/wp-json\/wp\/v2\/media?parent=818"}],"wp:term":[{"taxonomy":"product_brand","embeddable":true,"href":"https:\/\/c4f.com.ar\/offline\/multiclones\/wp-json\/wp\/v2\/product_brand?post=818"},{"taxonomy":"product_cat","embeddable":true,"href":"https:\/\/c4f.com.ar\/offline\/multiclones\/wp-json\/wp\/v2\/product_cat?post=818"},{"taxonomy":"product_tag","embeddable":true,"href":"https:\/\/c4f.com.ar\/offline\/multiclones\/wp-json\/wp\/v2\/product_tag?post=818"}],"curies":[{"name":"wp","href":"https:\/\/api.w.org\/{rel}","templated":true}]}}