{"id":521,"date":"2021-03-16T00:40:31","date_gmt":"2021-03-16T00:40:31","guid":{"rendered":"https:\/\/multiclones.com.ar\/?post_type=product&#038;p=521"},"modified":"2021-06-08T12:19:26","modified_gmt":"2021-06-08T12:19:26","slug":"la-maquina-de-hacer-esquejes-pocket-16-celdas","status":"publish","type":"product","link":"https:\/\/c4f.com.ar\/offline\/multiclones\/producto\/la-maquina-de-hacer-esquejes-pocket-16-celdas\/","title":{"rendered":"La Maquina De Hacer Esquejes Pocket. 16 celdas"},"content":{"rendered":"<p><img loading=\"lazy\" decoding=\"async\" class=\"alignnone size-full wp-image-520\" src=\"https:\/\/multiclones.com.ar\/wp-content\/uploads\/2021\/02\/esquejera-pocket.jpg\" alt=\"\" width=\"1300\" height=\"1300\" data-wp-pid=\"520\" data-pin-nopin=\"nopin\" srcset=\"https:\/\/c4f.com.ar\/offline\/multiclones\/wp-content\/uploads\/2021\/02\/esquejera-pocket.jpg 1300w, https:\/\/c4f.com.ar\/offline\/multiclones\/wp-content\/uploads\/2021\/02\/esquejera-pocket-682x682.jpg 682w, https:\/\/c4f.com.ar\/offline\/multiclones\/wp-content\/uploads\/2021\/02\/esquejera-pocket-768x768.jpg 768w, https:\/\/c4f.com.ar\/offline\/multiclones\/wp-content\/uploads\/2021\/02\/esquejera-pocket-100x100.jpg 100w, https:\/\/c4f.com.ar\/offline\/multiclones\/wp-content\/uploads\/2021\/02\/esquejera-pocket-200x200.jpg 200w, https:\/\/c4f.com.ar\/offline\/multiclones\/wp-content\/uploads\/2021\/02\/esquejera-pocket-1200x1200-cropped.jpg 1200w\" sizes=\"auto, (max-width: 1300px) 100vw, 1300px\" \/><\/p>\n<p><span class=\"d2edcug0 hpfvmrgz qv66sw1b c1et5uql oi732d6d ik7dh3pa fgxwclzu a8c37x1j keod5gw0 nxhoafnm aigsh9s9 d3f4x2em fe6kdd0r mau55g9w c8b282yb iv3no6db jq4qci2q a3bd9o3v knj5qynh oo9gr5id\" dir=\"auto\">Tenemos los modelos m\u00e1s facheros del mercado!!!<br \/>\nNo te dejes enga\u00f1ar y ped\u00ed La Maquina De Hacer Esquejes.<br \/>\nLa Maquina No Para.<\/span><\/p>\n","protected":false},"excerpt":{"rendered":"<p>Tenemos los modelos m\u00e1s facheros del mercado!!! No te dejes enga\u00f1ar y ped\u00ed La Maquina De Hacer Esquejes. La Maquina No Para.<\/p>\n","protected":false},"featured_media":520,"comment_status":"open","ping_status":"closed","template":"","meta":{"inline_featured_image":false},"product_brand":[],"product_cat":[64,63],"product_tag":[],"class_list":{"0":"post-521","1":"product","2":"type-product","3":"status-publish","4":"has-post-thumbnail","6":"product_cat-aeroclonadores","7":"product_cat-la-maquina-de-hacer-esquejes","9":"first","10":"instock","11":"shipping-taxable","12":"purchasable","13":"product-type-simple"},"_links":{"self":[{"href":"https:\/\/c4f.com.ar\/offline\/multiclones\/wp-json\/wp\/v2\/product\/521","targetHints":{"allow":["GET"]}}],"collection":[{"href":"https:\/\/c4f.com.ar\/offline\/multiclones\/wp-json\/wp\/v2\/product"}],"about":[{"href":"https:\/\/c4f.com.ar\/offline\/multiclones\/wp-json\/wp\/v2\/types\/product"}],"replies":[{"embeddable":true,"href":"https:\/\/c4f.com.ar\/offline\/multiclones\/wp-json\/wp\/v2\/comments?post=521"}],"wp:featuredmedia":[{"embeddable":true,"href":"https:\/\/c4f.com.ar\/offline\/multiclones\/wp-json\/wp\/v2\/media\/520"}],"wp:attachment":[{"href":"https:\/\/c4f.com.ar\/offline\/multiclones\/wp-json\/wp\/v2\/media?parent=521"}],"wp:term":[{"taxonomy":"product_brand","embeddable":true,"href":"https:\/\/c4f.com.ar\/offline\/multiclones\/wp-json\/wp\/v2\/product_brand?post=521"},{"taxonomy":"product_cat","embeddable":true,"href":"https:\/\/c4f.com.ar\/offline\/multiclones\/wp-json\/wp\/v2\/product_cat?post=521"},{"taxonomy":"product_tag","embeddable":true,"href":"https:\/\/c4f.com.ar\/offline\/multiclones\/wp-json\/wp\/v2\/product_tag?post=521"}],"curies":[{"name":"wp","href":"https:\/\/api.w.org\/{rel}","templated":true}]}}