{"id":182,"date":"2021-02-24T22:08:52","date_gmt":"2021-02-24T22:08:52","guid":{"rendered":"https:\/\/multiclones.com.ar\/producto\/gea-seeds-auto-amnesia-semillas-autoflorecientes-x-3\/"},"modified":"2023-04-09T17:51:04","modified_gmt":"2023-04-09T17:51:04","slug":"gea-seeds-auto-amnesia-semillas-autoflorecientes-x-3","status":"publish","type":"product","link":"https:\/\/c4f.com.ar\/offline\/multiclones\/producto\/gea-seeds-auto-amnesia-semillas-autoflorecientes-x-3\/","title":{"rendered":"Gea Seeds Auto Amnesia Semillas autoflorecientes x 3 uds."},"content":{"rendered":"<h4 style=\"text-align: left;\">Auto Amnesia es la variedad autofloreciente de todo un cl\u00e1sico. Tiene porte y patr\u00f3n de crecimiento de planta sativa, alta y esbelta, con internudos moderados y hojas finas y alargadas, caracter\u00edsticas de estas cepas. Su rendimiento es moderado y produce unos cogollos densos y copados de resina que emanan un aroma c\u00edtrico y dulce. De crecimiento vigoroso, Auto Amnesia es una planta ramificada que adem\u00e1s forma una gran cola central.<\/h4>\n<hr \/>\n<p><img loading=\"lazy\" decoding=\"async\" class=\"alignnone size-full wp-image-449\" src=\"https:\/\/multiclones.com.ar\/wp-content\/uploads\/2021\/02\/amness.jpg\" alt=\"\" width=\"549\" height=\"299\" srcset=\"https:\/\/c4f.com.ar\/offline\/multiclones\/wp-content\/uploads\/2021\/02\/amness.jpg 549w, https:\/\/c4f.com.ar\/offline\/multiclones\/wp-content\/uploads\/2021\/02\/amness-260x142.jpg 260w\" sizes=\"auto, (max-width: 549px) 100vw, 549px\" \/><\/p>\n<hr \/>\n<h2>Origen de la gen\u00e9tica<\/h2>\n<h6>Auto Amnesia es un h\u00edbrido que se ha obtenido a partir del cruce de nuestra Amnesia con una Lowryder, logrando reunir, de esta manera, todas las fant\u00e1sticas cualidades de la Amnesia en una versi\u00f3n autom\u00e1tica, con un periodo de floraci\u00f3n m\u00e1s reducido.<\/h6>\n<h2 style=\"text-align: left;\">Poderoso efecto<\/h2>\n<h6>Posee un efecto embriagador y psicoactivo, m\u00e1s cerebral que f\u00edsico, siendo una cepa muy indicada para liberarse del estr\u00e9s y desconectar, as\u00ed como para estar en ambientes distendidos.<\/h6>\n<h2 style=\"text-align: left;\">Sabor y aroma de las flores<\/h2>\n<h6>Su sabor es muy parecido a su versi\u00f3n feminizada, potente y c\u00edtrico, con fondo dulce y notas a madera y especias y su aroma es como su sabor, incre\u00edble.<\/h6>\n","protected":false},"excerpt":{"rendered":"<p>Auto Amnesia es la variedad autofloreciente de todo un cl\u00e1sico. Tiene porte y patr\u00f3n de crecimiento de planta sativa, alta y esbelta, con internudos moderados y hojas finas y alargadas, caracter\u00edsticas de estas cepas. Su rendimiento es moderado y produce unos cogollos densos y copados de resina que emanan un aroma c\u00edtrico y dulce. De<\/p>\n","protected":false},"featured_media":417,"comment_status":"open","ping_status":"closed","template":"","meta":{"inline_featured_image":false},"product_brand":[],"product_cat":[34,32,33],"product_tag":[],"class_list":{"0":"post-182","1":"product","2":"type-product","3":"status-publish","4":"has-post-thumbnail","6":"product_cat-autoflorecientes","7":"product_cat-gea-seeds","8":"product_cat-semillas","10":"first","11":"instock","12":"shipping-taxable","13":"purchasable","14":"product-type-simple"},"_links":{"self":[{"href":"https:\/\/c4f.com.ar\/offline\/multiclones\/wp-json\/wp\/v2\/product\/182","targetHints":{"allow":["GET"]}}],"collection":[{"href":"https:\/\/c4f.com.ar\/offline\/multiclones\/wp-json\/wp\/v2\/product"}],"about":[{"href":"https:\/\/c4f.com.ar\/offline\/multiclones\/wp-json\/wp\/v2\/types\/product"}],"replies":[{"embeddable":true,"href":"https:\/\/c4f.com.ar\/offline\/multiclones\/wp-json\/wp\/v2\/comments?post=182"}],"wp:featuredmedia":[{"embeddable":true,"href":"https:\/\/c4f.com.ar\/offline\/multiclones\/wp-json\/wp\/v2\/media\/417"}],"wp:attachment":[{"href":"https:\/\/c4f.com.ar\/offline\/multiclones\/wp-json\/wp\/v2\/media?parent=182"}],"wp:term":[{"taxonomy":"product_brand","embeddable":true,"href":"https:\/\/c4f.com.ar\/offline\/multiclones\/wp-json\/wp\/v2\/product_brand?post=182"},{"taxonomy":"product_cat","embeddable":true,"href":"https:\/\/c4f.com.ar\/offline\/multiclones\/wp-json\/wp\/v2\/product_cat?post=182"},{"taxonomy":"product_tag","embeddable":true,"href":"https:\/\/c4f.com.ar\/offline\/multiclones\/wp-json\/wp\/v2\/product_tag?post=182"}],"curies":[{"name":"wp","href":"https:\/\/api.w.org\/{rel}","templated":true}]}}