{"id":181,"date":"2021-02-24T22:08:51","date_gmt":"2021-02-24T22:08:51","guid":{"rendered":"https:\/\/multiclones.com.ar\/producto\/gea-seeds-auto-m8-semillas-autoflorecientes-x-3\/"},"modified":"2023-04-09T17:51:03","modified_gmt":"2023-04-09T17:51:03","slug":"gea-seeds-auto-m8-semillas-autoflorecientes-x-3","status":"publish","type":"product","link":"https:\/\/c4f.com.ar\/offline\/multiclones\/producto\/gea-seeds-auto-m8-semillas-autoflorecientes-x-3\/","title":{"rendered":"Gea Seeds Auto M8 Semillas autoflorecientes x 3 uds."},"content":{"rendered":"<h4 style=\"text-align: left;\">Auto M8 es una variedad con un efecto muy potente y duradero, psicoactivo y cerebral, tiene un efecto animado, energ\u00e9tico y euf\u00f3rico que va creciendo con el transcurso del tiempo y permanece un buen rato.<\/h4>\n<hr \/>\n<p><img loading=\"lazy\" decoding=\"async\" class=\"alignnone size-full wp-image-448\" src=\"https:\/\/multiclones.com.ar\/wp-content\/uploads\/2021\/02\/m88.jpg\" alt=\"\" width=\"549\" height=\"299\" srcset=\"https:\/\/c4f.com.ar\/offline\/multiclones\/wp-content\/uploads\/2021\/02\/m88.jpg 549w, https:\/\/c4f.com.ar\/offline\/multiclones\/wp-content\/uploads\/2021\/02\/m88-260x142.jpg 260w\" sizes=\"auto, (max-width: 549px) 100vw, 549px\" \/><\/p>\n<hr \/>\n<h6>Es una variedad muy recomendada para combatir la depresi\u00f3n y estados de decaimiento. Tiene un aroma potente y refrescante y su sabor es incensado y dulce, con toques c\u00edtricos y frescos, una mezcla ex\u00f3tica y espectacular que jam\u00e1s olvidar\u00e1s.<\/h6>\n<h6>Auto M8 es la variedad autofloreciente m\u00e1s productiva de todo nuestro cat\u00e1logo, es un h\u00edbrido de ascendencia sativa de r\u00e1pido crecimiento. En exterior puede alcanzar un tama\u00f1o considerable y un rendimiento excepcional. Sorprender\u00e1 hasta a los m\u00e1s esc\u00e9pticos.<\/h6>\n<h6>Es una planta de porte alto y muy ramificada, produce unos cogollos esponjosos repletos de resina y largas colas por toda la planta. Es una variedad muy f\u00e1cil de cultivar que alcanzar\u00e1 un gran tama\u00f1o con muy poco esfuerzo. Tiene un estructura con forma c\u00f3nica y muy robusta.<\/h6>\n<h6>Es recomendable su cultivo en exterior, donde se obtendr\u00e1 un mejor rendimiento pero es perfectamente v\u00e1lida para su cultivo en interior siempre que se controle el tama\u00f1o, ya que tiene un crecimiento tan vigoroso que realmente te sorprender\u00e1.<\/h6>\n<h6>Auto M8 es una de las variedades m\u00e1s poderosas y de mayor producci\u00f3n que existe actualmente en el mercado de las autoflorecientes.<\/h6>\n","protected":false},"excerpt":{"rendered":"<p>Auto M8 es una variedad con un efecto muy potente y duradero, psicoactivo y cerebral, tiene un efecto animado, energ\u00e9tico y euf\u00f3rico que va creciendo con el transcurso del tiempo y permanece un buen rato. Es una variedad muy recomendada para combatir la depresi\u00f3n y estados de decaimiento. Tiene un aroma potente y refrescante y<\/p>\n","protected":false},"featured_media":422,"comment_status":"open","ping_status":"closed","template":"","meta":{"inline_featured_image":false},"product_brand":[],"product_cat":[34,32,33],"product_tag":[],"class_list":{"0":"post-181","1":"product","2":"type-product","3":"status-publish","4":"has-post-thumbnail","6":"product_cat-autoflorecientes","7":"product_cat-gea-seeds","8":"product_cat-semillas","10":"first","11":"instock","12":"shipping-taxable","13":"purchasable","14":"product-type-simple"},"_links":{"self":[{"href":"https:\/\/c4f.com.ar\/offline\/multiclones\/wp-json\/wp\/v2\/product\/181","targetHints":{"allow":["GET"]}}],"collection":[{"href":"https:\/\/c4f.com.ar\/offline\/multiclones\/wp-json\/wp\/v2\/product"}],"about":[{"href":"https:\/\/c4f.com.ar\/offline\/multiclones\/wp-json\/wp\/v2\/types\/product"}],"replies":[{"embeddable":true,"href":"https:\/\/c4f.com.ar\/offline\/multiclones\/wp-json\/wp\/v2\/comments?post=181"}],"wp:featuredmedia":[{"embeddable":true,"href":"https:\/\/c4f.com.ar\/offline\/multiclones\/wp-json\/wp\/v2\/media\/422"}],"wp:attachment":[{"href":"https:\/\/c4f.com.ar\/offline\/multiclones\/wp-json\/wp\/v2\/media?parent=181"}],"wp:term":[{"taxonomy":"product_brand","embeddable":true,"href":"https:\/\/c4f.com.ar\/offline\/multiclones\/wp-json\/wp\/v2\/product_brand?post=181"},{"taxonomy":"product_cat","embeddable":true,"href":"https:\/\/c4f.com.ar\/offline\/multiclones\/wp-json\/wp\/v2\/product_cat?post=181"},{"taxonomy":"product_tag","embeddable":true,"href":"https:\/\/c4f.com.ar\/offline\/multiclones\/wp-json\/wp\/v2\/product_tag?post=181"}],"curies":[{"name":"wp","href":"https:\/\/api.w.org\/{rel}","templated":true}]}}