{"id":180,"date":"2021-02-24T22:08:50","date_gmt":"2021-02-24T22:08:50","guid":{"rendered":"https:\/\/multiclones.com.ar\/producto\/gea-seeds-cachalote-semillas-feminizadas-x-3\/"},"modified":"2023-04-09T17:51:03","modified_gmt":"2023-04-09T17:51:03","slug":"gea-seeds-cachalote-semillas-feminizadas-x-3","status":"publish","type":"product","link":"https:\/\/c4f.com.ar\/offline\/multiclones\/producto\/gea-seeds-cachalote-semillas-feminizadas-x-3\/","title":{"rendered":"Gea Seeds Cachalote Semillas fotoperi\u00f3dicas feminizadas x 3 uds."},"content":{"rendered":"<h4 style=\"text-align: left;\">Su efecto casi inmediato, f\u00edsicamente estimulante y muy psicoactivo, provoca f\u00e1cilmente hilaridad. Sus altos niveles de THC producen un efecto potente y duradero que estimula la mente a la vez que relaja el cuerpo por lo que posee un gran potencial terap\u00e9utico ya que ayuda a combatir los efectos secundarios de la quimioterapia y estimula el apetito.<\/h4>\n<hr \/>\n<p><img loading=\"lazy\" decoding=\"async\" class=\"alignnone size-full wp-image-447\" src=\"https:\/\/multiclones.com.ar\/wp-content\/uploads\/2021\/02\/cachaa.jpg\" alt=\"\" width=\"549\" height=\"299\" srcset=\"https:\/\/c4f.com.ar\/offline\/multiclones\/wp-content\/uploads\/2021\/02\/cachaa.jpg 549w, https:\/\/c4f.com.ar\/offline\/multiclones\/wp-content\/uploads\/2021\/02\/cachaa-260x142.jpg 260w\" sizes=\"auto, (max-width: 549px) 100vw, 549px\" \/><\/p>\n<hr \/>\n<div style=\"padding:56.25% 0 0 0;position:relative;\"><iframe src=\"https:\/\/player.vimeo.com\/video\/266275071?portrait=0\" style=\"position:absolute;top:0;left:0;width:100%;height:100%;\" frameborder=\"0\" allow=\"autoplay; fullscreen; picture-in-picture\" allowfullscreen><\/iframe><\/div>\n<p><script src=\"https:\/\/player.vimeo.com\/api\/player.js\"><\/script><\/p>\n<hr \/>\n<h6>Sus flores, una vez curadas, desprenden un espeso aroma con el trasfondo fresco de la Widow algo perfumado, especiado y muy incensado, con notas c\u00edtricas a lim\u00f3n.<\/h6>\n<h6>Cachalote es un h\u00edbrido resultante del cruce nuestra Widow Gea Seeds con una antigua Haze, obteniendo as\u00ed un ejemplar grande y muy productivo con un incre\u00edble aroma y sabor a incienso que desprende un humo blanco, denso y perfumado.<\/h6>\n<h6>Esta planta es un monstruoso h\u00edbrido con una gen\u00e9tica estable que ofrece una tasa de crecimiento alto y muy vigoroso. Produce un gran tallo principal cargado de ramas laterales le\u00f1osas, cubiertas de brotes y hojas que suben hasta casi la altura de la punta principal.<\/h6>\n<h6>En exterior necesita un sitio soleado, amplio y bien fertilizado. Aunque por su tama\u00f1o no es discreta, s\u00ed lo es por su olor mientras est\u00e1 en floraci\u00f3n, pudiendo pasar desapercibida por la mayor\u00eda.<\/h6>\n","protected":false},"excerpt":{"rendered":"<p>Su efecto casi inmediato, f\u00edsicamente estimulante y muy psicoactivo, provoca f\u00e1cilmente hilaridad. Sus altos niveles de THC producen un efecto potente y duradero que estimula la mente a la vez que relaja el cuerpo por lo que posee un gran potencial terap\u00e9utico ya que ayuda a combatir los efectos secundarios de la quimioterapia y estimula<\/p>\n","protected":false},"featured_media":116,"comment_status":"open","ping_status":"closed","template":"","meta":{"inline_featured_image":false},"product_brand":[],"product_cat":[44,32,33],"product_tag":[],"class_list":{"0":"post-180","1":"product","2":"type-product","3":"status-publish","4":"has-post-thumbnail","6":"product_cat-feminizadas","7":"product_cat-gea-seeds","8":"product_cat-semillas","10":"first","11":"instock","12":"shipping-taxable","13":"purchasable","14":"product-type-simple"},"_links":{"self":[{"href":"https:\/\/c4f.com.ar\/offline\/multiclones\/wp-json\/wp\/v2\/product\/180","targetHints":{"allow":["GET"]}}],"collection":[{"href":"https:\/\/c4f.com.ar\/offline\/multiclones\/wp-json\/wp\/v2\/product"}],"about":[{"href":"https:\/\/c4f.com.ar\/offline\/multiclones\/wp-json\/wp\/v2\/types\/product"}],"replies":[{"embeddable":true,"href":"https:\/\/c4f.com.ar\/offline\/multiclones\/wp-json\/wp\/v2\/comments?post=180"}],"wp:featuredmedia":[{"embeddable":true,"href":"https:\/\/c4f.com.ar\/offline\/multiclones\/wp-json\/wp\/v2\/media\/116"}],"wp:attachment":[{"href":"https:\/\/c4f.com.ar\/offline\/multiclones\/wp-json\/wp\/v2\/media?parent=180"}],"wp:term":[{"taxonomy":"product_brand","embeddable":true,"href":"https:\/\/c4f.com.ar\/offline\/multiclones\/wp-json\/wp\/v2\/product_brand?post=180"},{"taxonomy":"product_cat","embeddable":true,"href":"https:\/\/c4f.com.ar\/offline\/multiclones\/wp-json\/wp\/v2\/product_cat?post=180"},{"taxonomy":"product_tag","embeddable":true,"href":"https:\/\/c4f.com.ar\/offline\/multiclones\/wp-json\/wp\/v2\/product_tag?post=180"}],"curies":[{"name":"wp","href":"https:\/\/api.w.org\/{rel}","templated":true}]}}