{"id":410,"date":"2021-03-01T14:04:07","date_gmt":"2021-03-01T14:04:07","guid":{"rendered":"https:\/\/multiclones.com.ar\/?page_id=410"},"modified":"2021-03-01T14:05:34","modified_gmt":"2021-03-01T14:05:34","slug":"terminos-y-condiciones","status":"publish","type":"page","link":"https:\/\/c4f.com.ar\/offline\/multiclones\/terminos-y-condiciones\/","title":{"rendered":"T\u00e9rminos y condiciones"},"content":{"rendered":"<section class=\"pe-main-section pe-view-layout-block pe-view-layout-block-1 pe-style-light\" id=\"section-section1\" style=\"padding: 60px 0px 60px 0px; \">\n<h2>T\u00e9rminos y condiciones<\/h2>\n<div class=\"pe-block  pe-view-layout-block pe-view-layout-block-2\">\n<div class=\"pe-container\">\n<div class=\"pe-block  pe-view-layout-block pe-view-layout-block-2\">\n<div class=\"pe-container\">\n<p>Por favor, lea atentamente los siguientes t\u00e9rminos y condiciones. Al usar las p\u00e1ginas de este sitio, el usuario acepta estos t\u00e9rminos y condiciones de uso. Si no est\u00e1 de acuerdo con ellos, no debe utilizar este sitio. Estos t\u00e9rminos y condiciones podr\u00e1n ser modificados o actualizados en forma peri\u00f3dica. Marzo de 2016.-<\/p>\n<p>Restricciones al uso<\/p>\n<p>Salvo que se indique lo contrario en esta publicaci\u00f3n respecto de una parte, un archivo o documento en particular, toda persona queda autorizada a visualizar, copiar, imprimir y distribuir este documento, conforme a las siguientes condiciones: El documento puede utilizarse exclusivamente para fines informativos, no comerciales. Toda copia del documento o parte del mismo debe incluir el aviso sobre propiedad intelectual (copyright) arriba indicado. MULTICLONES se reserva el derecho de revocar esta autorizaci\u00f3n en cualquier momento. El uso del material deber\u00e1 interrumpirse de inmediato una vez recibida la notificaci\u00f3n de MULTICLONES. Los textos, fotograf\u00edas, dise\u00f1os, gr\u00e1ficos y logotipos incluidos en este sitio est\u00e1n protegidos por las leyes en materia de propiedad intelectual, derechos de autor (copyright), marcas comerciales, marcas de servicio u otros derechos de propiedad.<\/p>\n<p>Exoneraci\u00f3n de responsabilidad<\/p>\n<p>Es posible que el material de este sitio contenga imprecisiones t\u00e9cnicas o errores tipogr\u00e1ficos. MULTICLONES podr\u00e1 introducir cambios o mejoras en cualquier momento. Los materiales incluidos en este sitio se ofrecen \u201cTAL COMO EST\u00c1N\u201d, sin garant\u00edas expresas o impl\u00edcitas de ninguna especie y, con el m\u00e1ximo alcance permitido por la ley aplicable, MULTICLONES desconoce toda garant\u00eda de comerciabilidad y aptitud para un fin determinado. MULTICLONES no garantiza que las funciones contenidas en el material ser\u00e1n ininterrumpidas o exentas de errores, que los defectos se corregir\u00e1n, o que este sitio o el servidor que lo aloja se encuentran libres de virus u otros componentes perjudiciales. MULTICLONES no garantiza ni efect\u00faa declaraci\u00f3n alguna acerca del uso o el resultado del uso del material contenido en este sitio en cuanto a su correcci\u00f3n, exactitud, confiabilidad u otro concepto.<\/p>\n<p>Restricciones y limitaciones de responsabilidad<\/p>\n<p>MULTICLONES no ser\u00e1 responsable por da\u00f1os o perjuicios causados, entre otros, por fallas de funcionamiento, errores, omisiones, interrupciones, defectos, demoras en la transmisi\u00f3n, virus inform\u00e1ticos, o problemas en la conexi\u00f3n. MULTICLONES no ser\u00e1 responsable por da\u00f1os ni perjuicios, incluso da\u00f1os posibles o indirectos, que sean consecuencia del uso o de la imposibilidad de uso de los materiales incluidos en este sitio o un sitio vinculado a este sitio, incluso si hubiera negligencia de parte de MULTICLONES o si se hubiera notificado a un representante autorizado de MULTICLONES sobre la posibilidad de tales da\u00f1os, o ambas cosas. Debido a que algunas jurisdicciones no permiten la exclusi\u00f3n o limitaci\u00f3n de los da\u00f1os emergentes o indirectos, la extensi\u00f3n de la responsabilidad de MULTICLONES en tales jurisdicciones estar\u00e1 limitada hasta el m\u00e1ximo permitido por la ley. La responsabilidad total de MULTICLONES hacia los usuarios por todas las p\u00e9rdidas, da\u00f1os y acciones (basados en contratos, actos il\u00edcitos, incluso negligencia u otra causa) no ser\u00e1 mayor a la suma que el usuario hubiera pagado para acceder a este sitio. Este sitio puede contener enlaces con otros sitios que no mantiene MULTICLONES. MULTICLONES no asume ninguna responsabilidad por el contenido de tales sitios. La inclusi\u00f3n de cualquier enlace con esos sitios no implica la aprobaci\u00f3n de MULTICLONES del contenido de dichos sitios. MULTICLONES no efect\u00faa declaraci\u00f3n alguna respecto de ning\u00fan otro sitio Web al que los usuarios puedan acceder a trav\u00e9s de este sitio.<\/p>\n<p>Terminaci\u00f3n<\/p>\n<p>MULTICLONES o el usuario pueden dar por terminado este acuerdo en cualquier momento. El usuario puede rescindir este acuerdo destruyendo: a) todos los materiales obtenidos del sitio, y b) toda la documentaci\u00f3n relacionada y todas las copias e instalaciones (en conjunto, los \u201cMateriales\u201d). MULTICLONES puede rescindir este acuerdo de inmediato sin previo aviso si, a su exclusivo criterio, el usuario viola cualquier t\u00e9rmino o condici\u00f3n de este acuerdo. Con la finalizaci\u00f3n de este acuerdo, el usuario deber\u00e1 destruir todos los Materiales.<\/p>\n<p>Disposiciones varias<\/p>\n<p>Los T\u00e9rminos y Condiciones se regir\u00e1n e interpretar\u00e1n de conformidad con las leyes de la Rep\u00fablica Argentina. El usuario acepta expresamente la jurisdicci\u00f3n exclusiva de los tribunales federales con sede en el la ciudad autonoma de Buenos Aires (Argentina) para cualquier reclamo o acci\u00f3n relacionados con estos T\u00e9rminos y Condiciones o el uso de este sitio. Si cualquier parte de estos T\u00e9rminos y Condiciones fuera ilegal, nula, o inexigible, esa parte se considerar\u00e1 independiente y no afectar\u00e1 la validez y la exigibilidad de las restantes cl\u00e1usulas. La prueba positiva del uso de este sitio con fines ilegales se presentar\u00e1 ante las autoridades encargadas del cumplimiento de la ley. El presente constituye el acuerdo completo entre las partes en relaci\u00f3n con el uso de este sitio. MULTICLONES podr\u00e1 revisar estos T\u00e9rminos y Condiciones en cualquier momento, actualizando esta publicaci\u00f3n.<\/p>\n<p>Informaci\u00f3n sobre marcas<\/p>\n<p>El logotipo de MULTICLONES es propiedad de MULTICLONES. Todas las dem\u00e1s marcas exhibidas en este sitio o a trav\u00e9s de enlaces a otros sitios son propiedad de sus respectivos titulares.<\/p>\n<\/div>\n<\/div>\n<\/div>\n<\/div>\n<\/section>\n","protected":false},"excerpt":{"rendered":"<p>T\u00e9rminos y condiciones Por favor, lea atentamente los siguientes t\u00e9rminos y condiciones. Al usar las p\u00e1ginas de este sitio, el usuario acepta estos t\u00e9rminos y condiciones de uso. Si no est\u00e1 de acuerdo con ellos, no debe utilizar este sitio. Estos t\u00e9rminos y condiciones podr\u00e1n ser modificados o actualizados en forma peri\u00f3dica. Marzo de 2016.-<\/p>\n","protected":false},"author":96345692,"featured_media":0,"parent":0,"menu_order":0,"comment_status":"closed","ping_status":"closed","template":"page_builder.php","meta":{"inline_featured_image":false,"footnotes":""},"class_list":["post-410","page","type-page","status-publish","hentry"],"_links":{"self":[{"href":"https:\/\/c4f.com.ar\/offline\/multiclones\/wp-json\/wp\/v2\/pages\/410","targetHints":{"allow":["GET"]}}],"collection":[{"href":"https:\/\/c4f.com.ar\/offline\/multiclones\/wp-json\/wp\/v2\/pages"}],"about":[{"href":"https:\/\/c4f.com.ar\/offline\/multiclones\/wp-json\/wp\/v2\/types\/page"}],"author":[{"embeddable":true,"href":"https:\/\/c4f.com.ar\/offline\/multiclones\/wp-json\/wp\/v2\/users\/96345692"}],"replies":[{"embeddable":true,"href":"https:\/\/c4f.com.ar\/offline\/multiclones\/wp-json\/wp\/v2\/comments?post=410"}],"version-history":[{"count":2,"href":"https:\/\/c4f.com.ar\/offline\/multiclones\/wp-json\/wp\/v2\/pages\/410\/revisions"}],"predecessor-version":[{"id":412,"href":"https:\/\/c4f.com.ar\/offline\/multiclones\/wp-json\/wp\/v2\/pages\/410\/revisions\/412"}],"wp:attachment":[{"href":"https:\/\/c4f.com.ar\/offline\/multiclones\/wp-json\/wp\/v2\/media?parent=410"}],"curies":[{"name":"wp","href":"https:\/\/api.w.org\/{rel}","templated":true}]}}