{"id":278,"date":"2012-05-07T17:45:52","date_gmt":"2012-05-07T17:45:52","guid":{"rendered":"http:\/\/www.hdelapaz.ferozo.com\/?page_id=278"},"modified":"2025-12-29T00:25:06","modified_gmt":"2025-12-29T00:25:06","slug":"contacto","status":"publish","type":"page","link":"https:\/\/c4f.com.ar\/offline\/hoteldelapaz\/contacto\/","title":{"rendered":"Contacto"},"content":{"rendered":"<section class=\"pe-main-section pe-view-layout-block pe-view-layout-block-5 pe-style-dark pe-bg-center pe-parallax\" id=\"section-section5\" style=\"padding: 200px 0px 100px 0px; background-image:url(https:\/\/c4f.com.ar\/offline\/hoteldelapaz\/wp-content\/uploads\/2012\/05\/IMG_6526golden.jpg);background-position: 50% 0;background-repeat:no-repeat;\">\n<div class=\"pe-block  pe-view-layout-block pe-view-layout-block-7\">\n<div class=\"pe-container\">\n<hr \/>\n<h1 style=\"text-align: center;\">Atendido por sus propios due\u00f1os.<\/h1>\n<h3 style=\"text-align: center;\">HOTEL DE LA PAZ * CAFETER\u00cdA<\/h3>\n<hr \/>\n<h4 style=\"text-align: center;\">Fundado en 1870<\/h4>\n<\/div>\n<\/div>\n<\/section>\n<section class=\"pe-main-section pe-view-layout-block pe-view-layout-block-1 pe-style-light\" id=\"section-section1\" style=\"padding: 60px 0px 60px 0px; \">\n<div class=\"pe-block pe-view-layout-block pe-view-layout-block-3 pe-container pe-view-layout-class-columns\">\n<div class=\"row-fluid pe-container\">\n<div class=\"span6\">\n<div class=\"pe-block  pe-view-layout-block pe-view-layout-block-2\">\n<div class=\"pe-container\">\n<h1>Contacto<\/h1>\n<\/p>\n<h4>Hotel de la Paz<\/h4>\n<p>9 de Julio 1054<br \/> 6700 Buenos Aires<br \/> 02323 42-4034<a dir=\"ltr\" href=\"https:\/\/c4f.com.ar\/offline\/hoteldelapaz\" target=\"_parent\"><br \/> https:\/\/c4f.com.ar\/offline\/hoteldelapaz<\/a><\/p>\n<\/div>\n<\/div>\n<\/div>\n<div class=\"span6\">\n<div class=\"pe-block pe-view-layout-block pe-view-layout-block-4  pe-view-layout-class-form\">\n<form method=\"post\" class=\"peThemeContactForm\">\n<div class=\"bay form-horizontal\">\n<h3>Env\u00edenos un Correo Electr\u00f3nico<\/h3>\n<\/p>\n<p>\t\t\t\t\t\t\t\t\t\t\t\t\t\t\t\t\t\t<!--name field--><\/p>\n<div class=\"control-group\">\n\t\t\t\t<label for=\"author-4\" class=\"control-label\">Nombre<\/label><\/p>\n<div class=\"controls\">\n\t\t\t\t\t\t\t\t\t\t<input id=\"author-4\" class=\"required span9\" type=\"text\" name=\"author\" \/><br \/>\n\t\t\t\t\t\t\t\t\t\t\t\t\t\t\t<span class=\"help-inline\">*<\/span>\n\t\t\t\t\t\t\t\t\t<\/div>\n<\/p><\/div>\n<p>\t\t\t\t\t\t\t\t\t\t\t\t\t\t\t\t\t\t<!--name field--><\/p>\n<div class=\"control-group\">\n\t\t\t\t<label for=\"phone-4\" class=\"control-label\">Tel\u00e9fono<\/label><\/p>\n<div class=\"controls\">\n\t\t\t\t\t\t\t\t\t\t<input id=\"phone-4\" class=\" span9\" type=\"text\" name=\"phone\" \/>\n\t\t\t\t\t\t\t\t\t\t\t\t\t\t<\/div>\n<\/p><\/div>\n<p>\t\t\t\t\t\t\t\t\t\t\t\t\t\t\t\t\t\t<!--name field--><\/p>\n<div class=\"control-group\">\n\t\t\t\t<label for=\"email-4\" class=\"control-label\">Correo Electr\u00f3nico<\/label><\/p>\n<div class=\"controls\">\n\t\t\t\t\t\t\t\t\t\t<input id=\"email-4\" class=\"required span9\" type=\"text\" name=\"email\" \/><br \/>\n\t\t\t\t\t\t\t\t\t\t\t\t\t\t\t<span class=\"help-inline\">*<\/span>\n\t\t\t\t\t\t\t\t\t<\/div>\n<\/p><\/div>\n<p>\t\t\t\t\t\t\t\t\t\t\t\t\t\t\t\t\t\t<!--name field--><\/p>\n<div class=\"control-group\">\n\t\t\t\t<label for=\"message-4\" class=\"control-label\">Mensaje<\/label><\/p>\n<div class=\"controls\">\n\t\t\t\t\t\t\t\t\t\t<textarea id=\"message-4\" name=\"message\" rows=\"12\" class=\"required span9\"><\/textarea><br \/>\n\t\t\t\t\t\t\t\t\t\t\t\t\t\t\t<span class=\"help-inline\">*<\/span>\n\t\t\t\t\t\t\t\t\t<\/div>\n<\/p><\/div>\n<div class=\"control-group\">\n<div class=\"controls\">\n\t\t\t\t<button type=\"submit\" class=\"contour-btn red\">Enviar<\/button>\n\t\t\t<\/div>\n<\/p><\/div>\n<\/p><\/div>\n<div class=\"notifications\">\n<div id=\"contactFormSent\" class=\"formSent alert alert-success\">\n\t\t\t<strong>Su mensaje ha sido enviado.<\/strong> En breve nos contactaremos con usted.\t\t<\/div>\n<div id=\"contactFormError\" class=\"formError alert alert-error\">\n\t\t\t<strong>Oops, Ha ocurrido un error.<\/strong> Revise los campos indicados.\t\t<\/div>\n<\/p><\/div>\n<\/form>\n<p><!--end form--><\/div>\n<\/div>\n<\/div>\n<\/div>\n<\/section>\n","protected":false},"excerpt":{"rendered":"<p>Atendido por sus propios due\u00f1os. HOTEL DE LA PAZ * CAFETER\u00cdA Fundado en 1870 Contacto Hotel de la Paz 9 de Julio 1054 6700 Buenos Aires 02323 42-4034 https:\/\/c4f.com.ar\/offline\/hoteldelapaz Env\u00edenos un Correo Electr\u00f3nico Nombre * Tel\u00e9fono Correo Electr\u00f3nico * Mensaje * Enviar Su mensaje ha sido enviado. En breve nos contactaremos con usted. Oops, Ha<\/p>\n","protected":false},"author":2,"featured_media":0,"parent":0,"menu_order":0,"comment_status":"closed","ping_status":"closed","template":"page_builder.php","meta":{"inline_featured_image":false,"footnotes":""},"class_list":["post-278","page","type-page","status-publish","hentry"],"_links":{"self":[{"href":"https:\/\/c4f.com.ar\/offline\/hoteldelapaz\/wp-json\/wp\/v2\/pages\/278","targetHints":{"allow":["GET"]}}],"collection":[{"href":"https:\/\/c4f.com.ar\/offline\/hoteldelapaz\/wp-json\/wp\/v2\/pages"}],"about":[{"href":"https:\/\/c4f.com.ar\/offline\/hoteldelapaz\/wp-json\/wp\/v2\/types\/page"}],"author":[{"embeddable":true,"href":"https:\/\/c4f.com.ar\/offline\/hoteldelapaz\/wp-json\/wp\/v2\/users\/2"}],"replies":[{"embeddable":true,"href":"https:\/\/c4f.com.ar\/offline\/hoteldelapaz\/wp-json\/wp\/v2\/comments?post=278"}],"version-history":[{"count":35,"href":"https:\/\/c4f.com.ar\/offline\/hoteldelapaz\/wp-json\/wp\/v2\/pages\/278\/revisions"}],"predecessor-version":[{"id":953,"href":"https:\/\/c4f.com.ar\/offline\/hoteldelapaz\/wp-json\/wp\/v2\/pages\/278\/revisions\/953"}],"wp:attachment":[{"href":"https:\/\/c4f.com.ar\/offline\/hoteldelapaz\/wp-json\/wp\/v2\/media?parent=278"}],"curies":[{"name":"wp","href":"https:\/\/api.w.org\/{rel}","templated":true}]}}