{"id":137,"date":"2012-04-24T19:33:56","date_gmt":"2012-04-24T19:33:56","guid":{"rendered":"http:\/\/www.hdelapaz.ferozo.com\/?p=137"},"modified":"2016-04-22T01:13:33","modified_gmt":"2016-04-22T01:13:33","slug":"ubicacion","status":"publish","type":"page","link":"https:\/\/c4f.com.ar\/offline\/hoteldelapaz\/ubicacion\/","title":{"rendered":"Ubicaci\u00f3n"},"content":{"rendered":"<section class=\"pe-main-section pe-view-layout-block pe-view-layout-block-3 pe-style-dark pe-bg-center pe-parallax\" id=\"section-section3\" style=\"padding: 200px 0px 100px 0px; background-image:url(http:\/\/hdelapaz.ferozo.com\/wp-content\/uploads\/2012\/04\/IMG_6529headergolden.jpg);background-position: 50% 0;background-repeat:no-repeat;\">\n<div class=\"pe-block  pe-view-layout-block pe-view-layout-block-4\">\n<div class=\"pe-container\">\n<hr \/>\n<h1 style=\"text-align: center;\">En el centro de la historia.<\/h1>\n<h3 style=\"text-align: center;\">Encontranos.<\/h3>\n<hr \/>\n<h4 style=\"text-align: center;\">Desde el momento de su fundaci\u00f3n, el pueblo de Luj\u00e1n fu\u00e9 parada obligada para todos los viajeros que emprendian el largo camino al norte desde Buenos Aires.<\/h4>\n<h4 style=\"text-align: center;\">\u00a0<\/h4>\n<h4 style=\"text-align: center;\">La rica historia de nuestra ciudad impregna cada esquina. Lo mismo sucede con cada rinc\u00f3n de nuestro hotel.<\/h4>\n<p>\u00a0<\/p>\n<\/div>\n<\/div>\n<\/section>\n<section class=\"pe-main-section pe-view-layout-block pe-view-layout-block-1 pe-style-light\" id=\"section-section1\" style=\"padding: 60px 0px 60px 0px; \">\n<div class=\"pe-block pe-view-layout-block pe-view-layout-block-5 pe-container pe-view-layout-class-columns\">\n<div class=\"row-fluid pe-container\">\n<div class=\"span6\">\n<div class=\"pe-block  pe-view-layout-block pe-view-layout-block-2\">\n<div class=\"pe-container\">\n<h1 style=\"text-align: right;\">Ubicaci\u00f3n<\/h1>\n<h5 style=\"text-align: right;\">Situado en un lugar privilegiado de la ciudad, frente a la Bas\u00edlica Ntra. Sra. de Luj\u00e1n, en la calle 9 de Julio 1054, entre las calles San Mart\u00edn y Bartolom\u00e9 Mitre.<\/h5>\n<p>\u00a0<\/p>\n<h3 style=\"text-align: right;\">Como llegar desde Buenos Aires<\/p>\n<\/h3>\n<p style=\"text-align: right;\"><strong>\u00b7 <\/strong>Por Au. 25 de Mayo (carretera parcialmente con peajes) durante 8,5 km.<\/p>\n<p style=\"text-align: right;\"><strong>\u00b7 <\/strong>Girar ligeramente a la derecha con direcci\u00f3n a Au. Perito Moreno (carretera con peajes) durante 6,8 km.<\/p>\n<p style=\"text-align: right;\"><strong>\u00b7 <\/strong>Continuar por Au. Acceso Oeste (carretera parcialmente con peajes) durante 55,2 km hasta la ciudad de Luj\u00e1n.<\/p>\n<p style=\"text-align: right;\"><strong>\u00b7 <\/strong>Salir para incorporarse a Av. Nuestra Se\u00f1ora de Luj\u00e1n (pasar una rotonda) hasta el final, frente a La Bas\u00edlica Nuestra Se\u00f1ora de Luj\u00e1n, girar a la izquierda y seguir dos cuadras, doblar a la derecha por la calle Francia, seguir cuatro cuadras y doblar a la derecha en la calle Las Heras.<\/p>\n<p style=\"text-align: right;\"><strong>\u00b7 <\/strong>Seguir una cuadra y doblar a la derecha en la calle 9 De Julio.<\/p>\n<p style=\"text-align: right;\"><strong>\u00b7 <\/strong>Seguir derecho una cuadra y media hasta el hotel.<\/p>\n<p>\u00a0<\/p>\n<\/div>\n<\/div>\n<\/div>\n<div class=\"span6\">\n<div class=\"pe-block  pe-view-layout-block pe-view-layout-block-6\">\n<div class=\"pe-container\">\n<div class=\"google_map\"><iframe loading=\"lazy\" src=\"http:\/\/maps.google.com.ar\/maps?hl=es&amp;ie=UTF8&amp;q=Hotel+de+la+Paz&amp;fb=1&amp;near=Buenos+Aires&amp;view=map&amp;cid=8614375232165779209&amp;t=m&amp;ll=-34.560965,-59.120264&amp;spn=0.016964,0.027466&amp;z=15&amp;iwloc=A&amp;output=embed\" width=\"100%\" height=\"480\" frameborder=\"0\" marginwidth=\"0\" marginheight=\"0\" scrolling=\"no\"><\/iframe><\/div>\n<\/div>\n<\/div>\n<\/div>\n<\/div>\n<\/div>\n<\/section>\n","protected":false},"excerpt":{"rendered":"<p>En el centro de la historia. Encontranos. Desde el momento de su fundaci\u00f3n, el pueblo de Luj\u00e1n fu\u00e9 parada obligada para todos los viajeros que emprendian el largo camino al norte desde Buenos Aires. \u00a0 La rica historia de nuestra ciudad impregna cada esquina. Lo mismo sucede con cada rinc\u00f3n de nuestro hotel. \u00a0 Ubicaci\u00f3n<\/p>\n","protected":false},"author":2,"featured_media":0,"parent":0,"menu_order":0,"comment_status":"open","ping_status":"open","template":"page_builder.php","meta":{"inline_featured_image":false,"footnotes":""},"class_list":["post-137","page","type-page","status-publish","hentry"],"_links":{"self":[{"href":"https:\/\/c4f.com.ar\/offline\/hoteldelapaz\/wp-json\/wp\/v2\/pages\/137","targetHints":{"allow":["GET"]}}],"collection":[{"href":"https:\/\/c4f.com.ar\/offline\/hoteldelapaz\/wp-json\/wp\/v2\/pages"}],"about":[{"href":"https:\/\/c4f.com.ar\/offline\/hoteldelapaz\/wp-json\/wp\/v2\/types\/page"}],"author":[{"embeddable":true,"href":"https:\/\/c4f.com.ar\/offline\/hoteldelapaz\/wp-json\/wp\/v2\/users\/2"}],"replies":[{"embeddable":true,"href":"https:\/\/c4f.com.ar\/offline\/hoteldelapaz\/wp-json\/wp\/v2\/comments?post=137"}],"version-history":[{"count":30,"href":"https:\/\/c4f.com.ar\/offline\/hoteldelapaz\/wp-json\/wp\/v2\/pages\/137\/revisions"}],"predecessor-version":[{"id":882,"href":"https:\/\/c4f.com.ar\/offline\/hoteldelapaz\/wp-json\/wp\/v2\/pages\/137\/revisions\/882"}],"wp:attachment":[{"href":"https:\/\/c4f.com.ar\/offline\/hoteldelapaz\/wp-json\/wp\/v2\/media?parent=137"}],"curies":[{"name":"wp","href":"https:\/\/api.w.org\/{rel}","templated":true}]}}