{"id":105,"date":"2017-07-27T22:22:47","date_gmt":"2017-07-27T22:22:47","guid":{"rendered":"https:\/\/theartbrothers.com.ar\/?page_id=105"},"modified":"2025-01-18T04:04:40","modified_gmt":"2025-01-18T04:04:40","slug":"about-us","status":"publish","type":"page","link":"https:\/\/c4f.com.ar\/offline\/artbrothers\/about-us\/","title":{"rendered":"About Us"},"content":{"rendered":"<section class=\"pe-main-section pe-view-layout-block pe-view-layout-block-5 pe-style-light pe-bg-center\" id=\"section-section5\" style=\"padding: 150px 0px 200px 0px; background-image:url(https:\/\/c4f.com.ar\/offline\/artbrothers\/wp-content\/uploads\/2018\/05\/Captura-de-pantalla-2018-05-30-a-las-03.26.31.png);background-position: 50% 50%;background-repeat:repeat;\">\n<div class=\"pe-block  pe-view-layout-block pe-view-layout-block-6\">\n<div class=\"pe-container\"><\/div>\n<\/div>\n<\/section>\n<section class=\"pe-main-section pe-view-layout-block pe-view-layout-block-1 pe-style-light\" id=\"section-section1\" style=\"padding: 0px 0px 60px 0px; \">\n<div class=\"pe-block pe-view-layout-block pe-view-layout-block-3 pe-container pe-view-layout-class-columns\">\n<div class=\"row-fluid pe-container\">\n<div class=\"span6\">\n<div class=\"pe-block  pe-view-layout-block pe-view-layout-block-2\">\n<div class=\"pe-container\">\n<p><img loading=\"lazy\" decoding=\"async\" class=\"chicos alignleft wp-image-365\" src=\"https:\/\/theartbrothers.com.ar\/wp-content\/uploads\/2018\/08\/fer-copia.jpg\" alt=\"\" width=\"200\" height=\"200\" srcset=\"https:\/\/c4f.com.ar\/offline\/artbrothers\/wp-content\/uploads\/2018\/08\/fer-copia.jpg 558w, https:\/\/c4f.com.ar\/offline\/artbrothers\/wp-content\/uploads\/2018\/08\/fer-copia-200x200.jpg 200w\" sizes=\"auto, (max-width: 200px) 100vw, 200px\" \/><\/p>\n<h3>Fernanda Castelo<\/h3>\n<p style=\"text-align: left;\">Es Lic. en Artes Visuales. Desde el a\u00f1o 2003 trabaja como ambientadora en el medio cinematogr\u00e1fico y directora de arte en publicidad, para proyectos locales y servicios de producci\u00f3n Internacionales. <a href=\"https:\/\/m.imdb.com\/name\/nm2497686\/\">IMD<\/a><br \/><span style=\"color: #eeeeee;\"><a style=\"color: #eeeeee;\" href=\"mailto:fercasteloarte@gmail.com\">fercasteloarte@gmail.com<\/a><br \/><\/span><span style=\"color: #eeeeee;\">+54 9 11-5517-1184<\/span><\/p>\n<p><span style=\"color: #eeeeee;\">\u00a0 \u00a0 \u00a0<\/span><\/p>\n<\/div>\n<\/div>\n<\/div>\n<div class=\"span6\">\n<div class=\"pe-block  pe-view-layout-block pe-view-layout-block-4\">\n<div class=\"pe-container\">\n<p><img loading=\"lazy\" decoding=\"async\" class=\"chicos wp-image-107 alignleft\" src=\"https:\/\/theartbrothers.com.ar\/wp-content\/uploads\/2017\/07\/10346051_10152092731880741_4669272916038614177_n.jpg\" alt=\"\" width=\"200\" height=\"200\" srcset=\"https:\/\/c4f.com.ar\/offline\/artbrothers\/wp-content\/uploads\/2017\/07\/10346051_10152092731880741_4669272916038614177_n.jpg 604w, https:\/\/c4f.com.ar\/offline\/artbrothers\/wp-content\/uploads\/2017\/07\/10346051_10152092731880741_4669272916038614177_n-200x200.jpg 200w\" sizes=\"auto, (max-width: 200px) 100vw, 200px\" \/><\/p>\n<h3>Juan Manuel Castelo<\/h3>\n<p>Es productor musical (aka Dub Dummies). Trabaja en el departamento de arte desde el a\u00f1o 2004 en producciones cinematogr\u00e1ficas. En el medio publicitario, trabaja como director de arte para proyectos locales y servicios de producci\u00f3n internacionales. <a href=\"https:\/\/m.imdb.com\/name\/nm2549165\/?ref_=fn_al_nm_0\">IMDb<\/a><br \/><span style=\"color: #eeeeee;\"><a style=\"color: #eeeeee;\" href=\"mailto:castelojuan@gmail.com\">castelojuan@gmail.com<\/a>\u00a0<br \/>+54 9 11-6295-0550<\/span><\/p>\n<\/div>\n<\/div>\n<\/div>\n<\/div>\n<\/div>\n<\/section>\n","protected":false},"excerpt":{"rendered":"<p>Fernanda Castelo Es Lic. en Artes Visuales. Desde el a\u00f1o 2003 trabaja como ambientadora en el medio cinematogr\u00e1fico y directora de arte en publicidad, para proyectos locales y servicios de producci\u00f3n Internacionales. IMDfercasteloarte@gmail.com+54 9 11-5517-1184 \u00a0 \u00a0 \u00a0 Juan Manuel Castelo Es productor musical (aka Dub Dummies). Trabaja en el departamento de arte desde el<\/p>\n","protected":false},"author":3,"featured_media":208,"parent":0,"menu_order":0,"comment_status":"closed","ping_status":"closed","template":"page_builder.php","meta":{"footnotes":""},"class_list":["post-105","page","type-page","status-publish","has-post-thumbnail","hentry"],"_links":{"self":[{"href":"https:\/\/c4f.com.ar\/offline\/artbrothers\/wp-json\/wp\/v2\/pages\/105","targetHints":{"allow":["GET"]}}],"collection":[{"href":"https:\/\/c4f.com.ar\/offline\/artbrothers\/wp-json\/wp\/v2\/pages"}],"about":[{"href":"https:\/\/c4f.com.ar\/offline\/artbrothers\/wp-json\/wp\/v2\/types\/page"}],"author":[{"embeddable":true,"href":"https:\/\/c4f.com.ar\/offline\/artbrothers\/wp-json\/wp\/v2\/users\/3"}],"replies":[{"embeddable":true,"href":"https:\/\/c4f.com.ar\/offline\/artbrothers\/wp-json\/wp\/v2\/comments?post=105"}],"version-history":[{"count":51,"href":"https:\/\/c4f.com.ar\/offline\/artbrothers\/wp-json\/wp\/v2\/pages\/105\/revisions"}],"predecessor-version":[{"id":608,"href":"https:\/\/c4f.com.ar\/offline\/artbrothers\/wp-json\/wp\/v2\/pages\/105\/revisions\/608"}],"wp:featuredmedia":[{"embeddable":true,"href":"https:\/\/c4f.com.ar\/offline\/artbrothers\/wp-json\/wp\/v2\/media\/208"}],"wp:attachment":[{"href":"https:\/\/c4f.com.ar\/offline\/artbrothers\/wp-json\/wp\/v2\/media?parent=105"}],"curies":[{"name":"wp","href":"https:\/\/api.w.org\/{rel}","templated":true}]}}